{"id":108,"date":"2023-07-05T01:31:40","date_gmt":"2023-07-05T04:31:40","guid":{"rendered":"https:\/\/biotechsystem.com.br\/spraytexpartners\/pt\/?page_id=108"},"modified":"2023-07-05T04:40:24","modified_gmt":"2023-07-05T07:40:24","slug":"pre-tratamento","status":"publish","type":"page","link":"https:\/\/spraytexpartners.com\/pt\/pre-tratamento\/","title":{"rendered":"Pr\u00e9-Tratamento para Impress\u00e3o Digital"},"content":{"rendered":"\t\t<div data-elementor-type=\"wp-page\" data-elementor-id=\"108\" class=\"elementor elementor-108\">\n\t\t\t\t\t\t\t\t\t<section class=\"elementor-section elementor-top-section elementor-element elementor-element-0a8ff53 elementor-section-boxed elementor-section-height-default elementor-section-height-default\" data-id=\"0a8ff53\" data-element_type=\"section\" data-settings=\"{&quot;background_background&quot;:&quot;classic&quot;}\">\n\t\t\t\t\t\t<div class=\"elementor-container elementor-column-gap-default\">\n\t\t\t\t\t<div class=\"elementor-column elementor-col-100 elementor-top-column elementor-element elementor-element-c7a80be\" data-id=\"c7a80be\" data-element_type=\"column\">\n\t\t\t<div class=\"elementor-widget-wrap elementor-element-populated\">\n\t\t\t\t\t\t\t\t<div class=\"elementor-element elementor-element-8677ad3 elementor-widget elementor-widget-text-editor\" data-id=\"8677ad3\" data-element_type=\"widget\" data-widget_type=\"text-editor.default\">\n\t\t\t\t<div class=\"elementor-widget-container\">\n\t\t\t<style>\/*! elementor - v3.14.0 - 26-06-2023 *\/\n.elementor-widget-text-editor.elementor-drop-cap-view-stacked .elementor-drop-cap{background-color:#69727d;color:#fff}.elementor-widget-text-editor.elementor-drop-cap-view-framed .elementor-drop-cap{color:#69727d;border:3px solid;background-color:transparent}.elementor-widget-text-editor:not(.elementor-drop-cap-view-default) .elementor-drop-cap{margin-top:8px}.elementor-widget-text-editor:not(.elementor-drop-cap-view-default) .elementor-drop-cap-letter{width:1em;height:1em}.elementor-widget-text-editor .elementor-drop-cap{float:left;text-align:center;line-height:1;font-size:50px}.elementor-widget-text-editor .elementor-drop-cap-letter{display:inline-block}<\/style>\t\t\t\t<p>O PR\u00c9-TRATAMENTO DE T\u00caXTEIS DIGITAIS REPRESENTA UM<br \/>DESAFIO SIGNIFICATIVO!<\/p>\t\t\t\t\t\t<\/div>\n\t\t\t\t<\/div>\n\t\t\t\t\t<\/div>\n\t\t<\/div>\n\t\t\t\t\t\t\t<\/div>\n\t\t<\/section>\n\t\t\t\t<section class=\"elementor-section elementor-top-section elementor-element elementor-element-77aef93 elementor-section-boxed elementor-section-height-default elementor-section-height-default\" data-id=\"77aef93\" data-element_type=\"section\">\n\t\t\t\t\t\t<div class=\"elementor-container elementor-column-gap-default\">\n\t\t\t\t\t<div class=\"elementor-column elementor-col-100 elementor-top-column elementor-element elementor-element-71e2969\" data-id=\"71e2969\" data-element_type=\"column\">\n\t\t\t<div class=\"elementor-widget-wrap elementor-element-populated\">\n\t\t\t\t\t\t\t\t<div class=\"elementor-element elementor-element-cc92086 elementor-widget elementor-widget-spacer\" data-id=\"cc92086\" data-element_type=\"widget\" data-widget_type=\"spacer.default\">\n\t\t\t\t<div class=\"elementor-widget-container\">\n\t\t\t<style>\/*! elementor - v3.14.0 - 26-06-2023 *\/\n.elementor-column .elementor-spacer-inner{height:var(--spacer-size)}.e-con{--container-widget-width:100%}.e-con-inner>.elementor-widget-spacer,.e-con>.elementor-widget-spacer{width:var(--container-widget-width,var(--spacer-size));--align-self:var(--container-widget-align-self,initial);--flex-shrink:0}.e-con-inner>.elementor-widget-spacer>.elementor-widget-container,.e-con-inner>.elementor-widget-spacer>.elementor-widget-container>.elementor-spacer,.e-con>.elementor-widget-spacer>.elementor-widget-container,.e-con>.elementor-widget-spacer>.elementor-widget-container>.elementor-spacer{height:100%}.e-con-inner>.elementor-widget-spacer>.elementor-widget-container>.elementor-spacer>.elementor-spacer-inner,.e-con>.elementor-widget-spacer>.elementor-widget-container>.elementor-spacer>.elementor-spacer-inner{height:var(--container-widget-height,var(--spacer-size))}<\/style>\t\t<div class=\"elementor-spacer\">\n\t\t\t<div class=\"elementor-spacer-inner\"><\/div>\n\t\t<\/div>\n\t\t\t\t<\/div>\n\t\t\t\t<\/div>\n\t\t\t\t<div class=\"elementor-element elementor-element-77c8cfc elementor-widget elementor-widget-text-editor\" data-id=\"77c8cfc\" data-element_type=\"widget\" data-widget_type=\"text-editor.default\">\n\t\t\t\t<div class=\"elementor-widget-container\">\n\t\t\t\t\t\t\t<p>O Aplicador <span style=\"color: #ff0000;\"><strong>SPRAYTEX\u00ae<\/strong><\/span> foi projetado para atender as altas exig\u00eancias de pr\u00e9-tratamento para estamparia digital. O equipamento aplica inibidores de migra\u00e7\u00e3o (baixa viscosidade). A aplica\u00e7\u00e3o \u00e9 realiza sem contato \u2013 sem fazer faixas ou riscas no substrato t\u00eaxtil, duas vezes na face do substrato t\u00eaxtil. Aplica\u00e7\u00e3o m\u00ednima controlada atrav\u00e9s de spray com rotores aplicando somente o necess\u00e1rio poss\u00edvel.<\/p><p style=\"text-align: center;\"><strong>Aplicador <span style=\"color: #ff0000;\">Spraytex<\/span> instalado na entrada de rama de acabamento<\/strong><\/p>\t\t\t\t\t\t<\/div>\n\t\t\t\t<\/div>\n\t\t\t\t\t<\/div>\n\t\t<\/div>\n\t\t\t\t\t\t\t<\/div>\n\t\t<\/section>\n\t\t\t\t<section class=\"elementor-section elementor-top-section elementor-element elementor-element-2392474 elementor-section-boxed elementor-section-height-default elementor-section-height-default\" data-id=\"2392474\" data-element_type=\"section\">\n\t\t\t\t\t\t<div class=\"elementor-container elementor-column-gap-default\">\n\t\t\t\t\t<div class=\"elementor-column elementor-col-100 elementor-top-column elementor-element elementor-element-fdc7d83\" data-id=\"fdc7d83\" data-element_type=\"column\">\n\t\t\t<div class=\"elementor-widget-wrap elementor-element-populated\">\n\t\t\t\t\t\t\t\t<div class=\"elementor-element elementor-element-6a75106 elementor-widget elementor-widget-image\" data-id=\"6a75106\" data-element_type=\"widget\" data-widget_type=\"image.default\">\n\t\t\t\t<div class=\"elementor-widget-container\">\n\t\t\t<style>\/*! elementor - v3.14.0 - 26-06-2023 *\/\n.elementor-widget-image{text-align:center}.elementor-widget-image a{display:inline-block}.elementor-widget-image a img[src$=\".svg\"]{width:48px}.elementor-widget-image img{vertical-align:middle;display:inline-block}<\/style>\t\t\t\t\t\t\t\t\t\t\t\t<img loading=\"lazy\" decoding=\"async\" width=\"1024\" height=\"411\" src=\"https:\/\/spraytexpartners.com\/pt\/wp-content\/uploads\/2023\/07\/pre-tratamento-para-impressao-digital-01-1024x411.png\" class=\"attachment-large size-large wp-image-110\" alt=\"\" srcset=\"https:\/\/spraytexpartners.com\/pt\/wp-content\/uploads\/2023\/07\/pre-tratamento-para-impressao-digital-01-1024x411.png 1024w, https:\/\/spraytexpartners.com\/pt\/wp-content\/uploads\/2023\/07\/pre-tratamento-para-impressao-digital-01-300x121.png 300w, https:\/\/spraytexpartners.com\/pt\/wp-content\/uploads\/2023\/07\/pre-tratamento-para-impressao-digital-01-768x308.png 768w, https:\/\/spraytexpartners.com\/pt\/wp-content\/uploads\/2023\/07\/pre-tratamento-para-impressao-digital-01-1536x617.png 1536w, https:\/\/spraytexpartners.com\/pt\/wp-content\/uploads\/2023\/07\/pre-tratamento-para-impressao-digital-01-600x241.png 600w, https:\/\/spraytexpartners.com\/pt\/wp-content\/uploads\/2023\/07\/pre-tratamento-para-impressao-digital-01-1100x442.png 1100w, https:\/\/spraytexpartners.com\/pt\/wp-content\/uploads\/2023\/07\/pre-tratamento-para-impressao-digital-01-800x321.png 800w, https:\/\/spraytexpartners.com\/pt\/wp-content\/uploads\/2023\/07\/pre-tratamento-para-impressao-digital-01-1200x482.png 1200w, https:\/\/spraytexpartners.com\/pt\/wp-content\/uploads\/2023\/07\/pre-tratamento-para-impressao-digital-01.png 1800w\" sizes=\"auto, (max-width: 1024px) 100vw, 1024px\" \/>\t\t\t\t\t\t\t\t\t\t\t\t\t\t\t<\/div>\n\t\t\t\t<\/div>\n\t\t\t\t\t<\/div>\n\t\t<\/div>\n\t\t\t\t\t\t\t<\/div>\n\t\t<\/section>\n\t\t\t\t<section class=\"elementor-section elementor-top-section elementor-element elementor-element-6aad52d elementor-section-boxed elementor-section-height-default elementor-section-height-default\" data-id=\"6aad52d\" data-element_type=\"section\">\n\t\t\t\t\t\t<div class=\"elementor-container elementor-column-gap-default\">\n\t\t\t\t\t<div class=\"elementor-column elementor-col-100 elementor-top-column elementor-element elementor-element-7d9c9eb\" data-id=\"7d9c9eb\" data-element_type=\"column\">\n\t\t\t<div class=\"elementor-widget-wrap elementor-element-populated\">\n\t\t\t\t\t\t\t\t<div class=\"elementor-element elementor-element-bb148b5 elementor-widget elementor-widget-spacer\" data-id=\"bb148b5\" data-element_type=\"widget\" data-widget_type=\"spacer.default\">\n\t\t\t\t<div class=\"elementor-widget-container\">\n\t\t\t\t\t<div class=\"elementor-spacer\">\n\t\t\t<div class=\"elementor-spacer-inner\"><\/div>\n\t\t<\/div>\n\t\t\t\t<\/div>\n\t\t\t\t<\/div>\n\t\t\t\t<div class=\"elementor-element elementor-element-8058ae8 elementor-widget elementor-widget-text-editor\" data-id=\"8058ae8\" data-element_type=\"widget\" data-widget_type=\"text-editor.default\">\n\t\t\t\t<div class=\"elementor-widget-container\">\n\t\t\t\t\t\t\t<p>Pr\u00e9-tratamento (revestimento) com inibidores de migra\u00e7\u00e3o \u00e9 uma das etapas mais cr\u00edticas no processo de funcionaliza\u00e7\u00e3o de superf\u00edcies para impress\u00e3o digital para produzir com propriedades de alta qualidade.<\/p><p>Em compara\u00e7\u00e3o com o foulard, a pulveriza\u00e7\u00e3o (spray) \u00e9 um acabamento suave e sem contato, o que \u00e9 de extrema import\u00e2ncia para malhas. Essas raz\u00f5es exigem uma mudan\u00e7a dos sistemas de aplica\u00e7\u00e3o tradicionais, para novos m\u00e9todos de aplica\u00e7\u00e3o: sem contato, eficientes e altamente precisos para o pr\u00e9-tratamento para impress\u00e3o a jato de tinta.<\/p>\t\t\t\t\t\t<\/div>\n\t\t\t\t<\/div>\n\t\t\t\t<div class=\"elementor-element elementor-element-4c2190e elementor-widget elementor-widget-spacer\" data-id=\"4c2190e\" data-element_type=\"widget\" data-widget_type=\"spacer.default\">\n\t\t\t\t<div class=\"elementor-widget-container\">\n\t\t\t\t\t<div class=\"elementor-spacer\">\n\t\t\t<div class=\"elementor-spacer-inner\"><\/div>\n\t\t<\/div>\n\t\t\t\t<\/div>\n\t\t\t\t<\/div>\n\t\t\t\t\t<\/div>\n\t\t<\/div>\n\t\t\t\t\t\t\t<\/div>\n\t\t<\/section>\n\t\t\t\t<section class=\"elementor-section elementor-top-section elementor-element elementor-element-150c15c elementor-section-boxed elementor-section-height-default elementor-section-height-default\" data-id=\"150c15c\" data-element_type=\"section\" data-settings=\"{&quot;background_background&quot;:&quot;classic&quot;}\">\n\t\t\t\t\t\t<div class=\"elementor-container elementor-column-gap-default\">\n\t\t\t\t\t<div class=\"elementor-column elementor-col-100 elementor-top-column elementor-element elementor-element-0cc6d62\" data-id=\"0cc6d62\" data-element_type=\"column\">\n\t\t\t<div class=\"elementor-widget-wrap elementor-element-populated\">\n\t\t\t\t\t\t\t\t<div class=\"elementor-element elementor-element-81aba93 elementor-widget elementor-widget-text-editor\" data-id=\"81aba93\" data-element_type=\"widget\" data-widget_type=\"text-editor.default\">\n\t\t\t\t<div class=\"elementor-widget-container\">\n\t\t\t\t\t\t\t<p>BENEF\u00cdCIOS<\/p>\t\t\t\t\t\t<\/div>\n\t\t\t\t<\/div>\n\t\t\t\t\t<\/div>\n\t\t<\/div>\n\t\t\t\t\t\t\t<\/div>\n\t\t<\/section>\n\t\t\t\t<section class=\"elementor-section elementor-top-section elementor-element elementor-element-e437c62 elementor-section-boxed elementor-section-height-default elementor-section-height-default\" data-id=\"e437c62\" data-element_type=\"section\">\n\t\t\t\t\t\t<div class=\"elementor-container elementor-column-gap-default\">\n\t\t\t\t\t<div class=\"elementor-column elementor-col-100 elementor-top-column elementor-element elementor-element-b6da911\" data-id=\"b6da911\" data-element_type=\"column\">\n\t\t\t<div class=\"elementor-widget-wrap elementor-element-populated\">\n\t\t\t\t\t\t\t\t<div class=\"elementor-element elementor-element-872a43a elementor-widget elementor-widget-spacer\" data-id=\"872a43a\" data-element_type=\"widget\" data-widget_type=\"spacer.default\">\n\t\t\t\t<div class=\"elementor-widget-container\">\n\t\t\t\t\t<div class=\"elementor-spacer\">\n\t\t\t<div class=\"elementor-spacer-inner\"><\/div>\n\t\t<\/div>\n\t\t\t\t<\/div>\n\t\t\t\t<\/div>\n\t\t\t\t<div class=\"elementor-element elementor-element-dbb9d3d elementor-widget elementor-widget-text-editor\" data-id=\"dbb9d3d\" data-element_type=\"widget\" data-widget_type=\"text-editor.default\">\n\t\t\t\t<div class=\"elementor-widget-container\">\n\t\t\t\t\t\t\t<ul><li>2 x aplica\u00e7\u00f5es somente sobre o lado direito da malha sem formar faixas ou riscas<\/li><li>Aplica\u00e7\u00e3o m\u00ednima: 10% a 30% Pick-up<\/li><li>Sem estresse mec\u00e2nico \u2013 sem espreme\u00e7\u00e3o<\/li><li>Redu\u00e7\u00e3o substancial de consumo de produtos qu\u00edmicos e Energia de Secagem<\/li><li>Redu\u00e7\u00e3o de ureia e custo do tratamento de efluentes<\/li><li>Velocidade de processo at\u00e9 50 m\/min<\/li><\/ul>\t\t\t\t\t\t<\/div>\n\t\t\t\t<\/div>\n\t\t\t\t<div class=\"elementor-element elementor-element-5a1ee00 elementor-widget elementor-widget-spacer\" data-id=\"5a1ee00\" data-element_type=\"widget\" data-widget_type=\"spacer.default\">\n\t\t\t\t<div class=\"elementor-widget-container\">\n\t\t\t\t\t<div class=\"elementor-spacer\">\n\t\t\t<div class=\"elementor-spacer-inner\"><\/div>\n\t\t<\/div>\n\t\t\t\t<\/div>\n\t\t\t\t<\/div>\n\t\t\t\t<div class=\"elementor-element elementor-element-20d8714 elementor-widget elementor-widget-text-editor\" data-id=\"20d8714\" data-element_type=\"widget\" data-widget_type=\"text-editor.default\">\n\t\t\t\t<div class=\"elementor-widget-container\">\n\t\t\t\t\t\t\t<p><a href=\"http:\/\/spraytexpartners.com\/pt\/contato\"><strong><span style=\"font-size: 12pt;\">Entre em contato conosco para obter informa\u00e7\u00f5es detalhadas sobre os aplicadores Spraytex em sua m\u00e1quina t\u00eaxtil.<\/span><\/strong><\/a><\/p>\t\t\t\t\t\t<\/div>\n\t\t\t\t<\/div>\n\t\t\t\t\t<\/div>\n\t\t<\/div>\n\t\t\t\t\t\t\t<\/div>\n\t\t<\/section>\n\t\t\t\t\t\t\t<\/div>\n\t\t","protected":false},"excerpt":{"rendered":"<p>O PR\u00c9-TRATAMENTO DE T\u00caXTEIS DIGITAIS REPRESENTA UMDESAFIO SIGNIFICATIVO! O Aplicador SPRAYTEX\u00ae foi projetado para atender as altas exig\u00eancias de pr\u00e9-tratamento para estamparia digital. O equipamento aplica inibidores de migra\u00e7\u00e3o (baixa viscosidade). A aplica\u00e7\u00e3o \u00e9 realiza sem contato \u2013 sem fazer [&hellip;]<\/p>\n","protected":false},"author":1,"featured_media":27,"parent":0,"menu_order":0,"comment_status":"closed","ping_status":"closed","template":"fullwidth.php","meta":{"footnotes":""},"class_list":["post-108","page","type-page","status-publish","has-post-thumbnail","hentry"],"_links":{"self":[{"href":"https:\/\/spraytexpartners.com\/pt\/wp-json\/wp\/v2\/pages\/108","targetHints":{"allow":["GET"]}}],"collection":[{"href":"https:\/\/spraytexpartners.com\/pt\/wp-json\/wp\/v2\/pages"}],"about":[{"href":"https:\/\/spraytexpartners.com\/pt\/wp-json\/wp\/v2\/types\/page"}],"author":[{"embeddable":true,"href":"https:\/\/spraytexpartners.com\/pt\/wp-json\/wp\/v2\/users\/1"}],"replies":[{"embeddable":true,"href":"https:\/\/spraytexpartners.com\/pt\/wp-json\/wp\/v2\/comments?post=108"}],"version-history":[{"count":1,"href":"https:\/\/spraytexpartners.com\/pt\/wp-json\/wp\/v2\/pages\/108\/revisions"}],"predecessor-version":[{"id":200,"href":"https:\/\/spraytexpartners.com\/pt\/wp-json\/wp\/v2\/pages\/108\/revisions\/200"}],"wp:featuredmedia":[{"embeddable":true,"href":"https:\/\/spraytexpartners.com\/pt\/wp-json\/wp\/v2\/media\/27"}],"wp:attachment":[{"href":"https:\/\/spraytexpartners.com\/pt\/wp-json\/wp\/v2\/media?parent=108"}],"curies":[{"name":"wp","href":"https:\/\/api.w.org\/{rel}","templated":true}]}}